{"id":7,"date":"2022-11-23T17:05:59","date_gmt":"2022-11-23T17:05:59","guid":{"rendered":"http:\/\/box5791\/cgi\/addon_GT.cgi?s=GT::WP::Install::EIG+%28zkbigymy%29+-+10.0.87.67+%5BWordpress%3b+\/var\/hp\/common\/lib\/Wordpress.pm%3b+589%3b+Hosting::gap_call%5D\/?page_id=3"},"modified":"2023-01-16T19:54:08","modified_gmt":"2023-01-16T19:54:08","slug":"privacy-policy-2","status":"publish","type":"page","link":"https:\/\/jovenesinvestigadores.org\/index.php\/privacy-policy-2\/","title":{"rendered":"Pol\u00edtica de privacidad"},"content":{"rendered":"\n<p><strong>1. OBJETIVO<\/strong><br>El objetivo de la presente pol\u00edtica es la declaraci\u00f3n y compromiso formal del Programa de J\u00f3venes Investigadores (PJI), en informar a los usuarios de los diferentes servicios prestados a trav\u00e9s de sus portal web, acerca del tratamiento y usos a los que se someten los datos personales que se obtengan.<\/p>\n\n\n\n<p><strong>2. ALCANCE<\/strong><br>La presente pol\u00edtica es de aplicaci\u00f3n para todas las p\u00e1ginas web y redes sociales, administradas por el PJI y est\u00e9n al uso p\u00fablico.<\/p>\n\n\n\n<p><strong>3. REFERENCIAS NORMATIVAS<\/strong><br>3.1. Ley N\u00b0 29733 \u2013 Ley de Protecci\u00f3n de Datos Personales.<br>3.2. D.S. N\u00b0 003-2013-JUS \u2013 Reglamento de la Ley N\u00b0 29733.<\/p>\n\n\n\n<p><strong>4. DE LOS PRINCIPIOS RECTORES.-<\/strong><br>En el PJI respetamos los principios de protecci\u00f3n de datos personales.<br>4.1. Principio de legalidad, se rechaza la recopilaci\u00f3n de los datos personales de los usuarios por medios ilegales y fraudulentos.<br>4.2. Principio de consentimiento, se obtendr\u00e1 el consentimiento de los usuarios de manera libre, informado, expreso, inequ\u00edvoco y previo al tratamiento de sus datos personales.<br>4.3. Principio de finalidad, los datos personales de nuestros usuarios se recopilar\u00e1n para una finalidad determinada, expl\u00edcita y l\u00edcita, y no se extender\u00e1 a otra finalidad que no haya sido la establecida de manera inequ\u00edvoca como tal al momento de su recopilaci\u00f3n.<br>4.4. Principio de proporcionalidad, todo tratamiento de datos personales de nuestros usuarios ser\u00e1 adecuado, relevante y no excesivo a la finalidad para la que estos hubiesen sido recopilados.<br>4.5. Principio de calidad, los datos personales que vayan a ser tratados ser\u00e1n veraces, exactos y, en la medida de lo posible, actualizados, necesarios, pertinentes y adecuados respecto de la finalidad para la que fueron recopilados. Se conservar\u00e1n de forma tal que se garantice su seguridad y solo por el tiempo necesario para cumplir con la finalidad del tratamiento.<br>4.6. Principio de seguridad, el PJI adopta las medidas t\u00e9cnicas, organizativas y legales necesarias para garantizar la seguridad y confidencialidad de los datos personales. El  PJI cuenta con las medidas de seguridad apropiadas, y acordes con el tratamiento que se vaya a efectuar y con la categor\u00eda de datos personales de que se trate.<br>4.7. Principio de nivel de protecci\u00f3n adecuado, el PJI garantiza el nivel adecuado de protecci\u00f3n de los datos personales de sus usuarios para el flujo transfronterizo de datos personales, con un m\u00ednimo de protecci\u00f3n equiparable a lo previsto por la Ley N\u00ba 29733 o por los est\u00e1ndares internacionales de la materia.<\/p>\n\n\n\n<p><strong>5. DE LA DEFINICI\u00d3N DE DATOS PERSONALES<\/strong><br>5.1. De acuerdo con la ley, se define el t\u00e9rmino Datos Personales como \u201caquella informaci\u00f3n num\u00e9rica, alfab\u00e9tica, gr\u00e1fica, fotogr\u00e1fica, ac\u00fastica, sobre h\u00e1bitos personales, o de cualquier otro tipo concerniente a las personas naturales que las identifica o las hace identificables a trav\u00e9s de medios que puedan ser razonablemente utilizados.\u201d El PJI considera como datos personales, a toda aquella informaci\u00f3n que el Usuario ingrese voluntariamente a trav\u00e9s de cualquiera de nuestros formularios en nuestros sitios web o la que se env\u00eda por correo electr\u00f3nico.<\/p>\n\n\n\n<p><strong>6. DE LA TITULARIDAD DE LA BASE DE DATOS<\/strong><br>6.1. Los datos personales que puedan ser suministrados a trav\u00e9s del sitio web u otro medio ser\u00e1n incorporados a los bancos de datos bajo la titularidad del PJI<\/p>\n\n\n\n<p><strong>7. DE LAS FINALIDADES DEL TRATAMIENTO DE LA INFORMACI\u00d3N<\/strong><br>7.1. De conformidad con la Ley N\u00b0 29733 \u2013 Ley de Protecci\u00f3n de Datos Personales y su Reglamento aprobado mediante D.S. 003-2013-JUS, el interesado otorgar\u00e1 su consentimiento expreso para que los datos personales que facilite queden incorporados en el Banco de Datos Personales de Personas Interesadas en el PJI y sean tratados por esta con la finalidad de absolver sus consultas y brindarles informaci\u00f3n publicitaria, d\u00e1ndoles usos que incluyen temas referidos al an\u00e1lisis de perfiles, publicidad y prospecci\u00f3n comercial, fines estad\u00edsticos, hist\u00f3ricos, cient\u00edficos y educaci\u00f3n. El usuario autoriza a que el PJI mantenga sus datos personales en el banco de datos referido en tanto sean \u00fatiles para la finalidad y usos antes mencionados.<\/p>\n\n\n\n<p><strong>8. DE LA DECLARACI\u00d3N DE PRIVACIDAD<\/strong><br>8.1. El PJI no recopila datos personales sobre el Usuario, excepto cuando \u00e9l mismo brinde informaci\u00f3n voluntariamente, la haya publicado en espacios abiertos con fines de difusi\u00f3n o al registrarse en alguno de los sitios web o cuando env\u00ede un correo electr\u00f3nico u otra comunicaci\u00f3n dirigida al PJI. El PJI no procesar\u00e1 ni transferir\u00e1 los datos personales sin previo consentimiento del Usuario.<\/p>\n\n\n\n<p><strong>9. DE LA SEGURIDAD Y CONFIDENCIALIDAD DE LOS DATOS<\/strong><br>9.1. El PJI se compromete a cumplir con los est\u00e1ndares de seguridad y confidencialidad necesarios para asegurar la confiabilidad, integridad y disponibilidad de la informaci\u00f3n recopilada de los usuarios. El Usuario es el \u00fanico responsable de suministrar sus datos personales al PJI<\/p>\n\n\n\n<p><strong>10. DE LOS DERECHOS DE LOS USUARIOS<\/strong><br>10.1. De conformidad con la Ley, el Usuario podr\u00e1 solicitar, en cualquier momento, sus derechos de acceso, actualizaci\u00f3n, rectificaci\u00f3n, inclusi\u00f3n, oposici\u00f3n y supresi\u00f3n o cancelaci\u00f3n de datos personales desafili\u00e1ndose de la p\u00e1gina Web y\/o enviando su voluntad expresa de desafiliaci\u00f3n al correo programajovenesinvestigadores@gmail.com, debiendo adjuntar, para este \u00faltimo caso, una copia de su DNI.<\/p>\n\n\n\n<p><strong>11. DEL CONSENTIMIENTO DEL USUARIO Y ACEPTACI\u00d3N DE LOS T\u00c9RMINOS.-<\/strong><br>11.1. Esta declaraci\u00f3n de privacidad y confidencialidad descrita en la presente pol\u00edtica constituye un acuerdo v\u00e1lido entre el Usuario y el PJI, que confirma el conocimiento, entendimiento y aceptaci\u00f3n por parte del Usuario de lo expuesto con los fines expresados. En caso no estar de acuerdo, el usuario no deber\u00e1 proporcionar ninguna informaci\u00f3n personal, ni utilizar el servicio o cualquier informaci\u00f3n relacionada con los sitios web del PJI.<\/p>\n","protected":false},"excerpt":{"rendered":"<p>1. OBJETIVOEl objetivo de la presente pol\u00edtica es la declaraci\u00f3n y compromiso formal del Programa&#8230;<\/p>\n","protected":false},"author":1,"featured_media":158,"parent":0,"menu_order":0,"comment_status":"closed","ping_status":"open","template":"","meta":{"rop_custom_images_group":[],"rop_custom_messages_group":[],"rop_publish_now":"initial","rop_publish_now_accounts":{"facebook_9001523176567281_422463201840075":""},"rop_publish_now_history":[],"rop_publish_now_status":"pending","footnotes":""},"class_list":["post-7","page","type-page","status-publish","has-post-thumbnail","hentry"],"jetpack_sharing_enabled":true,"_links":{"self":[{"href":"https:\/\/jovenesinvestigadores.org\/index.php\/wp-json\/wp\/v2\/pages\/7","targetHints":{"allow":["GET"]}}],"collection":[{"href":"https:\/\/jovenesinvestigadores.org\/index.php\/wp-json\/wp\/v2\/pages"}],"about":[{"href":"https:\/\/jovenesinvestigadores.org\/index.php\/wp-json\/wp\/v2\/types\/page"}],"author":[{"embeddable":true,"href":"https:\/\/jovenesinvestigadores.org\/index.php\/wp-json\/wp\/v2\/users\/1"}],"replies":[{"embeddable":true,"href":"https:\/\/jovenesinvestigadores.org\/index.php\/wp-json\/wp\/v2\/comments?post=7"}],"version-history":[{"count":1,"href":"https:\/\/jovenesinvestigadores.org\/index.php\/wp-json\/wp\/v2\/pages\/7\/revisions"}],"predecessor-version":[{"id":159,"href":"https:\/\/jovenesinvestigadores.org\/index.php\/wp-json\/wp\/v2\/pages\/7\/revisions\/159"}],"wp:featuredmedia":[{"embeddable":true,"href":"https:\/\/jovenesinvestigadores.org\/index.php\/wp-json\/wp\/v2\/media\/158"}],"wp:attachment":[{"href":"https:\/\/jovenesinvestigadores.org\/index.php\/wp-json\/wp\/v2\/media?parent=7"}],"curies":[{"name":"wp","href":"https:\/\/api.w.org\/{rel}","templated":true}]}}