{"id":47,"date":"2022-11-24T16:30:16","date_gmt":"2022-11-24T16:30:16","guid":{"rendered":"https:\/\/jovenesinvestigadores.org\/?page_id=47"},"modified":"2025-03-24T16:45:37","modified_gmt":"2025-03-24T21:45:37","slug":"quienes-somos","status":"publish","type":"page","link":"https:\/\/jovenesinvestigadores.org\/index.php\/quienes-somos\/","title":{"rendered":"\u00bfQui\u00e9nes somos?"},"content":{"rendered":"\n<p>El Programa de J\u00f3venes Investigadores (PJI) es una iniciativa de distintos equipos de colaboradores, entre los que se encuentran tres comit\u00e9s: <\/p>\n\n\n\n<p>El <em><strong>Equipo Gestor<\/strong><\/em> est\u00e1 constituido por docentes de distintas disciplinas e instituciones, asociados de forma permanente al PJI. Son los principales responsables de la concepci\u00f3n, desarrollo, ejecuci\u00f3n y regulaci\u00f3n del mismo. A su vez, cuentan con atribuciones similares al <em>Comit\u00e9 Cient\u00edfico<\/em> cuando se trata de aprobar productos de investigaci\u00f3n a ser publicados en el sitio Web, o su recomendaci\u00f3n para remisi\u00f3n a alguna revista cient\u00edfica.<\/p>\n\n\n\n<p>El <em><strong>Comit\u00e9 Cient\u00edfico<\/strong><\/em> corresponde a docentes de distintas disciplinas e instituciones, invitados a colaborar de forma espec\u00edfica, para evaluar o proponer productos de investigaci\u00f3n propuestos para su publicaci\u00f3n en el sitio Web del PJI, o su recomendaci\u00f3n para env\u00edo a una revista cient\u00edfica. Tanto en uno como en otro caso, se requiere de dos miembros del espacio en cuesti\u00f3n para la obtenci\u00f3n de un dictamen favorable.&nbsp;<\/p>\n\n\n\n<p>El <em><strong>Comit\u00e9 Editorial<\/strong><\/em> corresponde a un equipo de estudiantes y egresados de distintas disciplinas e instituciones, vinculados directamente con el PJI, los cuales pueden participar por periodos fijos o indeterminados, a trav\u00e9s de propuestas de publicaci\u00f3n propias o recibidas como colaboraci\u00f3n. Tambi\u00e9n constituye el primer filtro de evaluaci\u00f3n antes de la remisi\u00f3n de estas propuestas al <em>Comit\u00e9 Cient\u00edfico <\/em>y determina el dictamen final para su publicaci\u00f3n<\/p>\n\n\n\n<p><strong>Acad\u00e9micos participantes<\/strong><\/p>\n\n\n\n<figure class=\"wp-block-image size-full is-resized\"><img loading=\"lazy\" decoding=\"async\" width=\"300\" height=\"300\" src=\"https:\/\/jovenesinvestigadores.org\/wp-content\/uploads\/2023\/10\/ks8iltq863crhbnhqn9o0ij9n2._SX300_CR0000_.jpg\" alt=\"\" class=\"wp-image-475\" style=\"width:262px;height:262px\" srcset=\"https:\/\/jovenesinvestigadores.org\/wp-content\/uploads\/2023\/10\/ks8iltq863crhbnhqn9o0ij9n2._SX300_CR0000_.jpg 300w, https:\/\/jovenesinvestigadores.org\/wp-content\/uploads\/2023\/10\/ks8iltq863crhbnhqn9o0ij9n2._SX300_CR0000_-150x150.jpg 150w\" sizes=\"auto, (max-width: 300px) 100vw, 300px\" \/><\/figure>\n\n\n\n<p><strong><a href=\"https:\/\/usil.edu.pe\/\" target=\"_blank\" rel=\"noreferrer noopener\">Universidad San Ignacio de Loyola, Lima, Per\u00fa<\/a><br><\/strong><a href=\"https:\/\/usil.edu.pe\/docentes\/mauro-marino-jimenez\" target=\"_blank\" rel=\"noreferrer noopener\">Dr. Mauro Marino Jim\u00e9nez, Facultad de Comunicaci\u00f3n<\/a><br><a href=\"https:\/\/historiassingulares.com\/articulos-cientificos-de-mauro-marino-jimenez\/\" data-type=\"link\" data-id=\"https:\/\/historiassingulares.com\/articulos-cientificos-de-mauro-marino-jimenez\/\" target=\"_blank\" rel=\"noreferrer noopener\">Conozca los principales art\u00edculos de Mauro Marino<\/a><\/p>\n\n\n\n<figure class=\"wp-block-image size-full is-resized\"><img loading=\"lazy\" decoding=\"async\" width=\"556\" height=\"567\" src=\"https:\/\/jovenesinvestigadores.org\/wp-content\/uploads\/2023\/10\/UploadFotoPath.jpg\" alt=\"\" class=\"wp-image-478\" style=\"width:259px;height:264px\" srcset=\"https:\/\/jovenesinvestigadores.org\/wp-content\/uploads\/2023\/10\/UploadFotoPath.jpg 556w, https:\/\/jovenesinvestigadores.org\/wp-content\/uploads\/2023\/10\/UploadFotoPath-294x300.jpg 294w\" sizes=\"auto, (max-width: 556px) 100vw, 556px\" \/><\/figure>\n\n\n\n<p><a rel=\"noreferrer noopener\" href=\"https:\/\/www.cayetano.edu.pe\/cayetano\/es\/\" target=\"_blank\"><strong>Universidad Peruana Cayetano Heredia, Lima, Per\u00fa<\/strong><br><\/a>Mag. In\u00e9s Liliana Ram\u00edrez Durand, Unidad de Formaci\u00f3n B\u00e1sica<\/p>\n\n\n\n<figure class=\"wp-block-image size-full is-resized\"><img loading=\"lazy\" decoding=\"async\" width=\"168\" height=\"225\" src=\"https:\/\/jovenesinvestigadores.org\/wp-content\/uploads\/2023\/10\/descarga-2-1.jpg\" alt=\"\" class=\"wp-image-477\" style=\"width:205px;height:274px\"\/><\/figure>\n\n\n\n<p><strong><a rel=\"noreferrer noopener\" href=\"https:\/\/www.uah.es\/es\/\" target=\"_blank\">Universidad de Alcal\u00e1, Alcal\u00e1 de Henares \/ Guadalajara, Spain<\/a><\/strong><br>Dr. Antonio Pareja Lora, Departamento de Filolog\u00eda Moderna<\/p>\n","protected":false},"excerpt":{"rendered":"<p>El Programa de J\u00f3venes Investigadores (PJI) es una iniciativa de distintos equipos de colaboradores, entre&#8230;<\/p>\n","protected":false},"author":1,"featured_media":153,"parent":0,"menu_order":0,"comment_status":"closed","ping_status":"closed","template":"","meta":{"rop_custom_images_group":[],"rop_custom_messages_group":[],"rop_publish_now":"initial","rop_publish_now_accounts":{"facebook_9001523176567281_422463201840075":""},"rop_publish_now_history":[],"rop_publish_now_status":"pending","footnotes":""},"class_list":["post-47","page","type-page","status-publish","has-post-thumbnail","hentry"],"jetpack_sharing_enabled":true,"_links":{"self":[{"href":"https:\/\/jovenesinvestigadores.org\/index.php\/wp-json\/wp\/v2\/pages\/47","targetHints":{"allow":["GET"]}}],"collection":[{"href":"https:\/\/jovenesinvestigadores.org\/index.php\/wp-json\/wp\/v2\/pages"}],"about":[{"href":"https:\/\/jovenesinvestigadores.org\/index.php\/wp-json\/wp\/v2\/types\/page"}],"author":[{"embeddable":true,"href":"https:\/\/jovenesinvestigadores.org\/index.php\/wp-json\/wp\/v2\/users\/1"}],"replies":[{"embeddable":true,"href":"https:\/\/jovenesinvestigadores.org\/index.php\/wp-json\/wp\/v2\/comments?post=47"}],"version-history":[{"count":6,"href":"https:\/\/jovenesinvestigadores.org\/index.php\/wp-json\/wp\/v2\/pages\/47\/revisions"}],"predecessor-version":[{"id":849,"href":"https:\/\/jovenesinvestigadores.org\/index.php\/wp-json\/wp\/v2\/pages\/47\/revisions\/849"}],"wp:featuredmedia":[{"embeddable":true,"href":"https:\/\/jovenesinvestigadores.org\/index.php\/wp-json\/wp\/v2\/media\/153"}],"wp:attachment":[{"href":"https:\/\/jovenesinvestigadores.org\/index.php\/wp-json\/wp\/v2\/media?parent=47"}],"curies":[{"name":"wp","href":"https:\/\/api.w.org\/{rel}","templated":true}]}}