{"id":162,"date":"2023-01-16T19:55:48","date_gmt":"2023-01-16T19:55:48","guid":{"rendered":"https:\/\/jovenesinvestigadores.org\/index.php\/listings-3\/"},"modified":"2023-01-16T19:55:48","modified_gmt":"2023-01-16T19:55:48","slug":"listings-3","status":"publish","type":"page","link":"https:\/\/jovenesinvestigadores.org\/index.php\/listings-3\/","title":{"rendered":"Listings"},"content":{"rendered":"\r\n<div class=\"acadp acadp-listings acadp-list-view\">\r\n\t\t\t<!-- header here -->\r\n                \r\n                    <div class=\"row acadp-no-margin\">\r\n                <form action=\"https:\/\/jovenesinvestigadores.org\/index.php\/listings-3\/\" method=\"POST\" class=\"form-inline\">\r\n                    <div class=\"btn-toolbar\" role=\"toolbar\">\r\n                                                    <!-- total items count -->\r\n                            <p class=\"btn-group pull-left text-muted acadp-xs-clear-float\">\r\n                                10 item(s) found                            <\/p>\r\n                                        \r\n                                                    <!-- Orderby dropdown -->\r\n                            <div class=\"btn-group pull-right acadp-xs-clear-float\" role=\"group\">\r\n                                <div class=\"form-group\">\r\n                                    <select name=\"sort\" class=\"form-control\" onchange=\"this.form.action=this.value; this.form.submit();\">\r\n                                        <option value=\"\/index.php\/wp-json\/wp\/v2\/pages\/162?sort=date-desc\">-- Sort by --<\/option><option value=\"\/index.php\/wp-json\/wp\/v2\/pages\/162?sort=title-asc\" >A to Z (title)<\/option><option value=\"\/index.php\/wp-json\/wp\/v2\/pages\/162?sort=title-desc\" >Z to A (title)<\/option><option value=\"\/index.php\/wp-json\/wp\/v2\/pages\/162?sort=date-desc\"  selected='selected'>Recently added (latest)<\/option><option value=\"\/index.php\/wp-json\/wp\/v2\/pages\/162?sort=date-asc\" >Date added (oldest)<\/option><option value=\"\/index.php\/wp-json\/wp\/v2\/pages\/162?sort=views-desc\" >Most viewed<\/option><option value=\"\/index.php\/wp-json\/wp\/v2\/pages\/162?sort=views-asc\" >Less viewed<\/option><option value=\"\/index.php\/wp-json\/wp\/v2\/pages\/162?sort=price-asc\" >Price (low to high)<\/option><option value=\"\/index.php\/wp-json\/wp\/v2\/pages\/162?sort=price-desc\" >Price (high to low)<\/option>                                    <\/select>\r\n                                <\/div>\r\n                            <\/div>\r\n                                                \r\n                                                    <!-- Views dropdown -->\r\n                            <div class=\"btn-group pull-right acadp-xs-clear-float\" role=\"group\">\r\n                                <div class=\"form-group\">\r\n                                    <select name=\"view\" class=\"form-control\" onchange=\"this.form.action=this.value; this.form.submit();\">\r\n                                        <option value=\"\/index.php\/wp-json\/wp\/v2\/pages\/162?view=list\">-- View as --<\/option><option value=\"\/index.php\/wp-json\/wp\/v2\/pages\/162?view=list\"  selected='selected'>List<\/option><option value=\"\/index.php\/wp-json\/wp\/v2\/pages\/162?view=grid\" >Grid<\/option>                                    <\/select>\r\n                                <\/div>\r\n                            <\/div>\r\n                                           \r\n                    <\/div>\r\n                <\/form>\r\n            <\/div>\r\n                \r\n\t<div class=\"acadp-divider\"><\/div>\r\n    \r\n\t<!-- the loop -->\r\n    <div class=\"acadp-body\">\r\n                    <div class=\"row acadp-entry\">\r\n                                    <div class=\"col-md-2\">   \r\n                        <a href=\"https:\/\/jovenesinvestigadores.org\/index.php\/acadp_listings\/international-association-for-media-and-communication-research-iamcr\/\"><img decoding=\"async\" src=\"https:\/\/jovenesinvestigadores.org\/wp-content\/uploads\/2023\/06\/iamcr-logo-300x109.png\" alt=\"\" \/><\/a>      \t\r\n                    <\/div>\r\n                                \r\n                <div class=\"col-md-7\">            \r\n                    <div class=\"acadp-listings-title-block\">\r\n                        <h3 class=\"acadp-no-margin\"><a href=\"https:\/\/jovenesinvestigadores.org\/index.php\/acadp_listings\/international-association-for-media-and-communication-research-iamcr\/\">International Association for Media and Communication Research (IAMCR)<\/a><\/h3>\r\n                    <\/div>\r\n    \r\n                    <p class=\"acadp-no-margin\"><small class=\"text-muted\"><time>Posted 3 a\u00f1os ago<\/time> by <a href=\"https:\/\/jovenesinvestigadores.org\/index.php\/user-listings-3\/bWF1cm9zbWo.\/\">Mauro Marino Jim\u00e9nez<\/a><\/small><\/p>                        <p class=\"acadp-listings-desc\">The International Association for Media and Communication Research - IAMCR - is the preeminent worldwide professional organisation in the field of media and communication research....<\/p>\r\n                    <p class=\"acadp-no-margin\"><small><span class=\"glyphicon glyphicon-briefcase\"><\/span>&nbsp;<a href=\"https:\/\/jovenesinvestigadores.org\/index.php\/listing-category-3\/instituciones-que-fomentan-la-investigacion\/\">Instituciones que fomentan la investigaci\u00f3n<\/a> \/ 529 views<\/small><\/p>                    \r\n                                     <\/div>\r\n                \r\n                            <\/div>\r\n            \r\n            <div class=\"acadp-divider\"><\/div>\r\n                    <div class=\"row acadp-entry\">\r\n                                    <div class=\"col-md-2\">   \r\n                        <a href=\"https:\/\/jovenesinvestigadores.org\/index.php\/acadp_listings\/european-cooperation-in-science-and-technology-cost\/\"><img decoding=\"async\" src=\"https:\/\/jovenesinvestigadores.org\/wp-content\/uploads\/2023\/06\/descarga-1-300x141.png\" alt=\"\" \/><\/a>      \t\r\n                    <\/div>\r\n                                \r\n                <div class=\"col-md-7\">            \r\n                    <div class=\"acadp-listings-title-block\">\r\n                        <h3 class=\"acadp-no-margin\"><a href=\"https:\/\/jovenesinvestigadores.org\/index.php\/acadp_listings\/european-cooperation-in-science-and-technology-cost\/\">European Cooperation in Science and Technology (COST)<\/a><\/h3>\r\n                    <\/div>\r\n    \r\n                    <p class=\"acadp-no-margin\"><small class=\"text-muted\"><time>Posted 3 a\u00f1os ago<\/time> by <a href=\"https:\/\/jovenesinvestigadores.org\/index.php\/user-listings-3\/bWF1cm9zbWo.\/\">Mauro Marino Jim\u00e9nez<\/a><\/small><\/p>                        <p class=\"acadp-listings-desc\">The European Cooperation in Science and Technology (COST) is a funding organisation for the creation of research networks, called\u00a0COST Actions. These networks offer an open...<\/p>\r\n                    <p class=\"acadp-no-margin\"><small><span class=\"glyphicon glyphicon-briefcase\"><\/span>&nbsp;<a href=\"https:\/\/jovenesinvestigadores.org\/index.php\/listing-category-3\/instituciones-que-fomentan-la-investigacion\/\">Instituciones que fomentan la investigaci\u00f3n<\/a> \/ <span class=\"glyphicon glyphicon-map-marker\"><\/span>&nbsp;<a href=\"https:\/\/jovenesinvestigadores.org\/index.php\/listing-location-3\/europa\/\">Europa<\/a> \/ 251 views<\/small><\/p>                    \r\n                                     <\/div>\r\n                \r\n                            <\/div>\r\n            \r\n            <div class=\"acadp-divider\"><\/div>\r\n                    <div class=\"row acadp-entry\">\r\n                                    <div class=\"col-md-2\">   \r\n                        <a href=\"https:\/\/jovenesinvestigadores.org\/index.php\/acadp_listings\/web-of-science-wos\/\"><img decoding=\"async\" src=\"https:\/\/jovenesinvestigadores.org\/wp-content\/uploads\/2023\/06\/webofscience_logo_tm_rgb_color_0-300x86.jpg\" alt=\"\" \/><\/a>      \t\r\n                    <\/div>\r\n                                \r\n                <div class=\"col-md-7\">            \r\n                    <div class=\"acadp-listings-title-block\">\r\n                        <h3 class=\"acadp-no-margin\"><a href=\"https:\/\/jovenesinvestigadores.org\/index.php\/acadp_listings\/web-of-science-wos\/\">Web of Science (WoS)<\/a><\/h3>\r\n                    <\/div>\r\n    \r\n                    <p class=\"acadp-no-margin\"><small class=\"text-muted\"><time>Posted 3 a\u00f1os ago<\/time> by <a href=\"https:\/\/jovenesinvestigadores.org\/index.php\/user-listings-3\/bWF1cm9zbWo.\/\">Mauro Marino Jim\u00e9nez<\/a><\/small><\/p>                        <p class=\"acadp-listings-desc\">Servicio de informaci\u00f3n cient\u00edfica multiplataforma, considerado para distintos tipos de usuarios. Se caracteriza por la interconexi\u00f3n entre revistas, libros, revisores y autores, incluyendo perfiles que...<\/p>\r\n                    <p class=\"acadp-no-margin\"><small><span class=\"glyphicon glyphicon-briefcase\"><\/span>&nbsp;<a href=\"https:\/\/jovenesinvestigadores.org\/index.php\/listing-category-3\/bases-de-datos-de-revistas-cientificas\/\">Bases de datos y buscadores de revistas cient\u00edficas<\/a> \/ 351 views<\/small><\/p>                    \r\n                                     <\/div>\r\n                \r\n                            <\/div>\r\n            \r\n            <div class=\"acadp-divider\"><\/div>\r\n                    <div class=\"row acadp-entry\">\r\n                                    <div class=\"col-md-2\">   \r\n                        <a href=\"https:\/\/jovenesinvestigadores.org\/index.php\/acadp_listings\/scientific-electronic-library-online-scielo\/\"><img decoding=\"async\" src=\"https:\/\/jovenesinvestigadores.org\/wp-content\/uploads\/2023\/06\/descarga.png\" alt=\"\" \/><\/a>      \t\r\n                    <\/div>\r\n                                \r\n                <div class=\"col-md-7\">            \r\n                    <div class=\"acadp-listings-title-block\">\r\n                        <h3 class=\"acadp-no-margin\"><a href=\"https:\/\/jovenesinvestigadores.org\/index.php\/acadp_listings\/scientific-electronic-library-online-scielo\/\">Scientific Electronic Library Online (SciELO)<\/a><\/h3>\r\n                    <\/div>\r\n    \r\n                    <p class=\"acadp-no-margin\"><small class=\"text-muted\"><time>Posted 3 a\u00f1os ago<\/time> by <a href=\"https:\/\/jovenesinvestigadores.org\/index.php\/user-listings-3\/bWF1cm9zbWo.\/\">Mauro Marino Jim\u00e9nez<\/a><\/small><\/p>                        <p class=\"acadp-listings-desc\">La Red SciELO provee Acceso Abierto (AA) a los contenidos de revistas cient\u00edficas. Las revistas se organizan en colecciones nacionales y tem\u00e1ticas. Cada colecci\u00f3n es...<\/p>\r\n                    <p class=\"acadp-no-margin\"><small><span class=\"glyphicon glyphicon-briefcase\"><\/span>&nbsp;<a href=\"https:\/\/jovenesinvestigadores.org\/index.php\/listing-category-3\/bases-de-datos-de-revistas-cientificas\/\">Bases de datos y buscadores de revistas cient\u00edficas<\/a> \/ 256 views<\/small><\/p>                    \r\n                                     <\/div>\r\n                \r\n                            <\/div>\r\n            \r\n            <div class=\"acadp-divider\"><\/div>\r\n                    <div class=\"row acadp-entry\">\r\n                                    <div class=\"col-md-2\">   \r\n                        <a href=\"https:\/\/jovenesinvestigadores.org\/index.php\/acadp_listings\/fundacion-carolina\/\"><img decoding=\"async\" src=\"https:\/\/jovenesinvestigadores.org\/wp-content\/uploads\/2023\/02\/logoFC-horizontal-color-scaled-1-300x97.jpg\" alt=\"\" \/><\/a>      \t\r\n                    <\/div>\r\n                                \r\n                <div class=\"col-md-7\">            \r\n                    <div class=\"acadp-listings-title-block\">\r\n                        <h3 class=\"acadp-no-margin\"><a href=\"https:\/\/jovenesinvestigadores.org\/index.php\/acadp_listings\/fundacion-carolina\/\">Fundaci\u00f3n Carolina<\/a><\/h3>\r\n                    <\/div>\r\n    \r\n                    <p class=\"acadp-no-margin\"><small class=\"text-muted\"><time>Posted 3 a\u00f1os ago<\/time> by <a href=\"https:\/\/jovenesinvestigadores.org\/index.php\/user-listings-3\/bWF1cm9zbWo.\/\">Mauro Marino Jim\u00e9nez<\/a><\/small><\/p>                        <p class=\"acadp-listings-desc\">Fundaci\u00f3n dedicada al otorgamiento de beneficios de estudios y perfeccionamiento profesional. Descripci\u00f3n en su Web: La emergencia clim\u00e1tica o la pandemia del COVID-19 han puesto...<\/p>\r\n                    <p class=\"acadp-no-margin\"><small><span class=\"glyphicon glyphicon-briefcase\"><\/span>&nbsp;<a href=\"https:\/\/jovenesinvestigadores.org\/index.php\/listing-category-3\/instituciones-que-fomentan-la-investigacion\/\">Instituciones que fomentan la investigaci\u00f3n<\/a> \/ <span class=\"glyphicon glyphicon-map-marker\"><\/span>&nbsp;<a href=\"https:\/\/jovenesinvestigadores.org\/index.php\/listing-location-3\/europa\/\">Europa<\/a> \/ 330 views<\/small><\/p>                    \r\n                                     <\/div>\r\n                \r\n                            <\/div>\r\n            \r\n            <div class=\"acadp-divider\"><\/div>\r\n                    <div class=\"row acadp-entry\">\r\n                                    <div class=\"col-md-2\">   \r\n                        <a href=\"https:\/\/jovenesinvestigadores.org\/index.php\/acadp_listings\/comunicacion-cultura-y-sociedad-digital-comunicadigital\/\"><img decoding=\"async\" src=\"https:\/\/jovenesinvestigadores.org\/wp-content\/uploads\/2023\/02\/274988459_1168929233860131_5771715540895300455_n.jpg\" alt=\"\" \/><\/a>      \t\r\n                    <\/div>\r\n                                \r\n                <div class=\"col-md-7\">            \r\n                    <div class=\"acadp-listings-title-block\">\r\n                        <h3 class=\"acadp-no-margin\"><a href=\"https:\/\/jovenesinvestigadores.org\/index.php\/acadp_listings\/comunicacion-cultura-y-sociedad-digital-comunicadigital\/\">Comunicaci\u00f3n, Cultura y Sociedad Digital (COMUNICADIGITAL)<\/a><\/h3>\r\n                    <\/div>\r\n    \r\n                    <p class=\"acadp-no-margin\"><small class=\"text-muted\"><time>Posted 3 a\u00f1os ago<\/time> by <a href=\"https:\/\/jovenesinvestigadores.org\/index.php\/user-listings-3\/bWF1cm9zbWo.\/\">Mauro Marino Jim\u00e9nez<\/a><\/small><\/p>                        <p class=\"acadp-listings-desc\">Grupo de Investigaci\u00f3n de la Facultad de Comunicaci\u00f3n de la Universidad San Ignacio de Loyola Nuestro grupo de investigaci\u00f3n tiene como objetivo generar conocimientos orientados...<\/p>\r\n                    <p class=\"acadp-no-margin\"><small><span class=\"glyphicon glyphicon-briefcase\"><\/span>&nbsp;<a href=\"https:\/\/jovenesinvestigadores.org\/index.php\/listing-category-3\/grupos-y-semilleros-de-investigacion\/\">Grupos y semilleros de investigaci\u00f3n<\/a> \/ <span class=\"glyphicon glyphicon-map-marker\"><\/span>&nbsp;<a href=\"https:\/\/jovenesinvestigadores.org\/index.php\/listing-location-3\/america-latina\/\">Am\u00e9rica Latina<\/a> \/ 382 views<\/small><\/p>                    \r\n                                     <\/div>\r\n                \r\n                            <\/div>\r\n            \r\n            <div class=\"acadp-divider\"><\/div>\r\n                    <div class=\"row acadp-entry\">\r\n                                    <div class=\"col-md-2\">   \r\n                        <a href=\"https:\/\/jovenesinvestigadores.org\/index.php\/acadp_listings\/consejo-nacional-de-ciencia-tecnologia-e-innovacion-tecnologica-concytec\/\"><img decoding=\"async\" src=\"https:\/\/jovenesinvestigadores.org\/wp-content\/uploads\/2023\/02\/logo-concytec-300x126.jpg\" alt=\"\" \/><\/a>      \t\r\n                    <\/div>\r\n                                \r\n                <div class=\"col-md-7\">            \r\n                    <div class=\"acadp-listings-title-block\">\r\n                        <h3 class=\"acadp-no-margin\"><a href=\"https:\/\/jovenesinvestigadores.org\/index.php\/acadp_listings\/consejo-nacional-de-ciencia-tecnologia-e-innovacion-tecnologica-concytec\/\">Consejo Nacional de Ciencia, Tecnolog\u00eda e Innovaci\u00f3n Tecnol\u00f3gica (CONCYTEC)<\/a><\/h3>\r\n                    <\/div>\r\n    \r\n                    <p class=\"acadp-no-margin\"><small class=\"text-muted\"><time>Posted 3 a\u00f1os ago<\/time> by <a href=\"https:\/\/jovenesinvestigadores.org\/index.php\/user-listings-3\/bWF1cm9zbWo.\/\">Mauro Marino Jim\u00e9nez<\/a><\/small><\/p>                        <p class=\"acadp-listings-desc\">Organismo peruano encargado de dirigir y promover los procesos de ciencia, tecnolog\u00eda e innovaci\u00f3n en el Per\u00fa.\u00a0 Descripci\u00f3n en su sitio Web:El CONCYTEC es el...<\/p>\r\n                    <p class=\"acadp-no-margin\"><small><span class=\"glyphicon glyphicon-briefcase\"><\/span>&nbsp;<a href=\"https:\/\/jovenesinvestigadores.org\/index.php\/listing-category-3\/instituciones-que-fomentan-la-investigacion\/\">Instituciones que fomentan la investigaci\u00f3n<\/a> \/ <span class=\"glyphicon glyphicon-map-marker\"><\/span>&nbsp;<a href=\"https:\/\/jovenesinvestigadores.org\/index.php\/listing-location-3\/america-latina\/\">Am\u00e9rica Latina<\/a> \/ 374 views<\/small><\/p>                    \r\n                                     <\/div>\r\n                \r\n                            <\/div>\r\n            \r\n            <div class=\"acadp-divider\"><\/div>\r\n                    <div class=\"row acadp-entry\">\r\n                                    <div class=\"col-md-2\">   \r\n                        <a href=\"https:\/\/jovenesinvestigadores.org\/index.php\/acadp_listings\/scimago-journal-country-rank\/\"><img decoding=\"async\" src=\"https:\/\/jovenesinvestigadores.org\/wp-content\/uploads\/2023\/02\/logo-revista-300x234.png\" alt=\"\" \/><\/a>      \t\r\n                    <\/div>\r\n                                \r\n                <div class=\"col-md-7\">            \r\n                    <div class=\"acadp-listings-title-block\">\r\n                        <h3 class=\"acadp-no-margin\"><a href=\"https:\/\/jovenesinvestigadores.org\/index.php\/acadp_listings\/scimago-journal-country-rank\/\">Scimago Journal &#038; Country Rank<\/a><\/h3>\r\n                    <\/div>\r\n    \r\n                    <p class=\"acadp-no-margin\"><small class=\"text-muted\"><time>Posted 3 a\u00f1os ago<\/time> by <a href=\"https:\/\/jovenesinvestigadores.org\/index.php\/user-listings-3\/bWF1cm9zbWo.\/\">Mauro Marino Jim\u00e9nez<\/a><\/small><\/p>                        <p class=\"acadp-listings-desc\">Buscador de revistas indizadas en Scopus, considerando su \u00edndice h y cuartil dedicado. Se actualiza una vez al a\u00f1o, por lo que normalmente mostrar\u00e1 informaci\u00f3n...<\/p>\r\n                    <p class=\"acadp-no-margin\"><small><span class=\"glyphicon glyphicon-briefcase\"><\/span>&nbsp;<a href=\"https:\/\/jovenesinvestigadores.org\/index.php\/listing-category-3\/bases-de-datos-de-revistas-cientificas\/\">Bases de datos y buscadores de revistas cient\u00edficas<\/a> \/ <span class=\"glyphicon glyphicon-map-marker\"><\/span>&nbsp;<a href=\"https:\/\/jovenesinvestigadores.org\/index.php\/listing-location-3\/europa\/\">Europa<\/a> \/ 298 views<\/small><\/p>                    \r\n                                     <\/div>\r\n                \r\n                            <\/div>\r\n            \r\n            <div class=\"acadp-divider\"><\/div>\r\n                    <div class=\"row acadp-entry\">\r\n                                    <div class=\"col-md-2\">   \r\n                        <a href=\"https:\/\/jovenesinvestigadores.org\/index.php\/acadp_listings\/scopus\/\"><img decoding=\"async\" src=\"https:\/\/jovenesinvestigadores.org\/wp-content\/uploads\/2023\/02\/Scopus_logo.svg_-300x96.png\" alt=\"\" \/><\/a>      \t\r\n                    <\/div>\r\n                                \r\n                <div class=\"col-md-7\">            \r\n                    <div class=\"acadp-listings-title-block\">\r\n                        <h3 class=\"acadp-no-margin\"><a href=\"https:\/\/jovenesinvestigadores.org\/index.php\/acadp_listings\/scopus\/\">Scopus<\/a><\/h3>\r\n                    <\/div>\r\n    \r\n                    <p class=\"acadp-no-margin\"><small class=\"text-muted\"><time>Posted 3 a\u00f1os ago<\/time> by <a href=\"https:\/\/jovenesinvestigadores.org\/index.php\/user-listings-3\/bWF1cm9zbWo.\/\">Mauro Marino Jim\u00e9nez<\/a><\/small><\/p>                        <p class=\"acadp-listings-desc\">La base de datos m\u00e1s grande y una de las m\u00e1s prestigiosas del mundo. Su sitio es de pago, pero varias instituciones educativas recurren a...<\/p>\r\n                    <p class=\"acadp-no-margin\"><small><span class=\"glyphicon glyphicon-briefcase\"><\/span>&nbsp;<a href=\"https:\/\/jovenesinvestigadores.org\/index.php\/listing-category-3\/bases-de-datos-de-revistas-cientificas\/\">Bases de datos y buscadores de revistas cient\u00edficas<\/a> \/ <span class=\"glyphicon glyphicon-map-marker\"><\/span>&nbsp;<a href=\"https:\/\/jovenesinvestigadores.org\/index.php\/listing-location-3\/europa\/\">Europa<\/a> \/ 296 views<\/small><\/p>                    \r\n                                     <\/div>\r\n                \r\n                            <\/div>\r\n            \r\n            <div class=\"acadp-divider\"><\/div>\r\n                    <div class=\"row acadp-entry\">\r\n                                    <div class=\"col-md-2\">   \r\n                        <a href=\"https:\/\/jovenesinvestigadores.org\/index.php\/acadp_listings\/mauro-marino-jimenez\/\"><img decoding=\"async\" src=\"https:\/\/jovenesinvestigadores.org\/wp-content\/uploads\/2023\/02\/avatars-000623048289-cecoy7-t240x240.jpg\" alt=\"\" \/><\/a>      \t\r\n                    <\/div>\r\n                                \r\n                <div class=\"col-md-7\">            \r\n                    <div class=\"acadp-listings-title-block\">\r\n                        <h3 class=\"acadp-no-margin\"><a href=\"https:\/\/jovenesinvestigadores.org\/index.php\/acadp_listings\/mauro-marino-jimenez\/\">Mauro Marino Jim\u00e9nez<\/a><\/h3>\r\n                    <\/div>\r\n    \r\n                    <p class=\"acadp-no-margin\"><small class=\"text-muted\"><time>Posted 3 a\u00f1os ago<\/time> by <a href=\"https:\/\/jovenesinvestigadores.org\/index.php\/user-listings-3\/bWF1cm9zbWo.\/\">Mauro Marino Jim\u00e9nez<\/a><\/small><\/p>                        <p class=\"acadp-listings-desc\">Escritor, investigador, docente universitario y promotor cultural. Es doctor en Filolog\u00eda con menci\u00f3n \"cum laude\" por la Universidad Nacional de Educaci\u00f3n a Distancia (UNED, Espa\u00f1a),...<\/p>\r\n                    <p class=\"acadp-no-margin\"><small><span class=\"glyphicon glyphicon-briefcase\"><\/span>&nbsp;<a href=\"https:\/\/jovenesinvestigadores.org\/index.php\/listing-category-3\/investigadores\/\">Investigadores<\/a> \/ 505 views<\/small><\/p>                    \r\n                                     <\/div>\r\n                \r\n                            <\/div>\r\n            \r\n            <div class=\"acadp-divider\"><\/div>\r\n            <\/div>\r\n    <!-- end of the loop -->\r\n    \r\n    <!-- use reset postdata to restore orginal query -->\r\n        \r\n    <!-- pagination here -->\r\n    <\/div>\r\n\r\n<div class=\"acadp-social\"><a class=\"acadp-social-link acadp-social-facebook\" href=\"https:\/\/www.facebook.com\/sharer\/sharer.php?u=https:\/\/jovenesinvestigadores.org\/wp-json\/wp\/v2\/pages\/162\" target=\"_blank\">Facebook<\/a> <a class=\"acadp-social-link acadp-social-twitter\" href=\"https:\/\/twitter.com\/intent\/tweet?text=Mauro%20Marino%20Jim\u00e9nez&amp;url=https:\/\/jovenesinvestigadores.org\/wp-json\/wp\/v2\/pages\/162\" target=\"_blank\">Twitter<\/a> <a class=\"acadp-social-link acadp-social-whatsapp\" href=\"https:\/\/api.whatsapp.com\/send?text=Mauro%20Marino%20Jim\u00e9nez&nbsp;https:\/\/jovenesinvestigadores.org\/wp-json\/wp\/v2\/pages\/162\" target=\"_blank\" data-text=\"Mauro%20Marino%20Jim\u00e9nez\" data-link=\"https:\/\/jovenesinvestigadores.org\/wp-json\/wp\/v2\/pages\/162\">WhatsApp<\/a><\/div>\n","protected":false},"excerpt":{"rendered":"","protected":false},"author":1,"featured_media":0,"parent":0,"menu_order":0,"comment_status":"closed","ping_status":"closed","template":"","meta":{"rop_custom_images_group":[],"rop_custom_messages_group":[],"rop_publish_now":"initial","rop_publish_now_accounts":{"facebook_9001523176567281_422463201840075":""},"rop_publish_now_history":[],"rop_publish_now_status":"pending","footnotes":""},"class_list":["post-162","page","type-page","status-publish","hentry"],"jetpack_sharing_enabled":true,"_links":{"self":[{"href":"https:\/\/jovenesinvestigadores.org\/index.php\/wp-json\/wp\/v2\/pages\/162","targetHints":{"allow":["GET"]}}],"collection":[{"href":"https:\/\/jovenesinvestigadores.org\/index.php\/wp-json\/wp\/v2\/pages"}],"about":[{"href":"https:\/\/jovenesinvestigadores.org\/index.php\/wp-json\/wp\/v2\/types\/page"}],"author":[{"embeddable":true,"href":"https:\/\/jovenesinvestigadores.org\/index.php\/wp-json\/wp\/v2\/users\/1"}],"replies":[{"embeddable":true,"href":"https:\/\/jovenesinvestigadores.org\/index.php\/wp-json\/wp\/v2\/comments?post=162"}],"version-history":[{"count":0,"href":"https:\/\/jovenesinvestigadores.org\/index.php\/wp-json\/wp\/v2\/pages\/162\/revisions"}],"wp:attachment":[{"href":"https:\/\/jovenesinvestigadores.org\/index.php\/wp-json\/wp\/v2\/media?parent=162"}],"curies":[{"name":"wp","href":"https:\/\/api.w.org\/{rel}","templated":true}]}}