{"id":135,"date":"2022-11-26T14:01:58","date_gmt":"2022-11-26T14:01:58","guid":{"rendered":"https:\/\/jovenesinvestigadores.org\/?page_id=135"},"modified":"2023-01-16T20:12:21","modified_gmt":"2023-01-16T20:12:21","slug":"directorio-de-investigadores-e-instituciones","status":"publish","type":"page","link":"https:\/\/jovenesinvestigadores.org\/index.php\/directorio-de-investigadores-e-instituciones\/","title":{"rendered":"Directorio de investigadores e instituciones"},"content":{"rendered":"\n<p> <br>Querida comunidad, ponemos a su disposici\u00f3n un servicio de registro de investigadores (tanto en formaci\u00f3n como en ejercicio) grupos y unidades  vinculadas con la investigaci\u00f3n, bases de datos de revistas cient\u00edficas y sitios de utilidad para el ejercicio de la investigaci\u00f3n. <br>Esta secci\u00f3n est\u00e1 inspirada por el prop\u00f3sito de ofrecer visibilidad a la labor investigadora, fomentar los principios de transparencia, fomentar la colaboraci\u00f3n y brindar herramientas para la producci\u00f3n de conocimiento. Por todo ello, el registro es gratuito y permanente.<br>Importante: Al ser un servicio abierto, la veracidad de la informaci\u00f3n presentada es responsabilidad directa de los usuarios. <br>Si desean registrarse, solo deben darse alta en la p\u00e1gina e ingresar al <strong><a href=\"https:\/\/jovenesinvestigadores.org\/index.php\/listing-form\/\" target=\"_blank\" rel=\"noreferrer noopener\">presente enlace<\/a><\/strong>. <\/p>\n\n\n\r\n<div class=\"acadp acadp-categories acadp-image-grid\">\r\n\t<div class=\"row acadp-no-margin\"><div class=\"col-md-4\"><div class=\"thumbnail\"><a href=\"https:\/\/jovenesinvestigadores.org\/index.php\/listing-category-3\/bases-de-datos-de-revistas-cientificas\/\" class=\"acadp-responsive-container\" title=\"View all posts in Bases de datos y buscadores de revistas cient\u00edficas\"><img decoding=\"async\" src=\"https:\/\/jovenesinvestigadores.org\/wp-content\/uploads\/2023\/01\/giphy-17-300x169.gif\" class=\"acadp-responsive-item\" alt=\"\" \/><\/a><div class=\"caption\"><h3 class=\"acadp-no-margin\"><a href=\"https:\/\/jovenesinvestigadores.org\/index.php\/listing-category-3\/bases-de-datos-de-revistas-cientificas\/\" title=\"View all posts in Bases de datos y buscadores de revistas cient\u00edficas\"><strong>Bases de datos y buscadores de revistas cient\u00edficas<\/strong> (4)<\/a><\/h3><\/div><\/div><\/div><div class=\"col-md-4\"><div class=\"thumbnail\"><a href=\"https:\/\/jovenesinvestigadores.org\/index.php\/listing-category-3\/grupos-y-semilleros-de-investigacion\/\" class=\"acadp-responsive-container\" title=\"View all posts in Grupos y semilleros de investigaci\u00f3n\"><img decoding=\"async\" src=\"https:\/\/jovenesinvestigadores.org\/wp-content\/uploads\/2023\/01\/giphy-21-300x168.gif\" class=\"acadp-responsive-item\" alt=\"\" \/><\/a><div class=\"caption\"><h3 class=\"acadp-no-margin\"><a href=\"https:\/\/jovenesinvestigadores.org\/index.php\/listing-category-3\/grupos-y-semilleros-de-investigacion\/\" title=\"View all posts in Grupos y semilleros de investigaci\u00f3n\"><strong>Grupos y semilleros de investigaci\u00f3n<\/strong> (1)<\/a><\/h3><\/div><\/div><\/div><div class=\"col-md-4\"><div class=\"thumbnail\"><a href=\"https:\/\/jovenesinvestigadores.org\/index.php\/listing-category-3\/instituciones-que-fomentan-la-investigacion\/\" class=\"acadp-responsive-container\" title=\"View all posts in Instituciones que fomentan la investigaci\u00f3n\"><img decoding=\"async\" src=\"https:\/\/jovenesinvestigadores.org\/wp-content\/uploads\/2023\/01\/giphy-18-300x169.gif\" class=\"acadp-responsive-item\" alt=\"\" \/><\/a><div class=\"caption\"><h3 class=\"acadp-no-margin\"><a href=\"https:\/\/jovenesinvestigadores.org\/index.php\/listing-category-3\/instituciones-que-fomentan-la-investigacion\/\" title=\"View all posts in Instituciones que fomentan la investigaci\u00f3n\"><strong>Instituciones que fomentan la investigaci\u00f3n<\/strong> (4)<\/a><\/h3><\/div><\/div><\/div><\/div><div class=\"row acadp-no-margin\"><div class=\"col-md-4\"><div class=\"thumbnail\"><a href=\"https:\/\/jovenesinvestigadores.org\/index.php\/listing-category-3\/investigadores\/\" class=\"acadp-responsive-container\" title=\"View all posts in Investigadores\"><img decoding=\"async\" src=\"https:\/\/jovenesinvestigadores.org\/wp-content\/uploads\/2023\/01\/giphy-19-300x169.gif\" class=\"acadp-responsive-item\" alt=\"\" \/><\/a><div class=\"caption\"><h3 class=\"acadp-no-margin\"><a href=\"https:\/\/jovenesinvestigadores.org\/index.php\/listing-category-3\/investigadores\/\" title=\"View all posts in Investigadores\"><strong>Investigadores<\/strong> (1)<\/a><\/h3><\/div><\/div><\/div><div class=\"col-md-4\"><div class=\"thumbnail\"><a href=\"https:\/\/jovenesinvestigadores.org\/index.php\/listing-category-3\/investigadores-en-formacion\/\" class=\"acadp-responsive-container\" title=\"View all posts in Investigadores en formaci\u00f3n\"><img decoding=\"async\" src=\"https:\/\/jovenesinvestigadores.org\/wp-content\/uploads\/2023\/01\/giphy-20.gif\" class=\"acadp-responsive-item\" alt=\"\" \/><\/a><div class=\"caption\"><h3 class=\"acadp-no-margin\"><a href=\"https:\/\/jovenesinvestigadores.org\/index.php\/listing-category-3\/investigadores-en-formacion\/\" title=\"View all posts in Investigadores en formaci\u00f3n\"><strong>Investigadores en formaci\u00f3n<\/strong> (0)<\/a><\/h3><\/div><\/div><\/div><\/div><\/div>\r\n\r\n\n","protected":false},"excerpt":{"rendered":"<p>Querida comunidad, ponemos a su disposici\u00f3n un servicio de registro de investigadores (tanto en formaci\u00f3n&#8230;<\/p>\n","protected":false},"author":1,"featured_media":151,"parent":0,"menu_order":0,"comment_status":"closed","ping_status":"closed","template":"","meta":{"rop_custom_images_group":[],"rop_custom_messages_group":[],"rop_publish_now":"initial","rop_publish_now_accounts":{"facebook_9001523176567281_422463201840075":""},"rop_publish_now_history":[],"rop_publish_now_status":"pending","footnotes":""},"class_list":["post-135","page","type-page","status-publish","has-post-thumbnail","hentry"],"jetpack_sharing_enabled":true,"_links":{"self":[{"href":"https:\/\/jovenesinvestigadores.org\/index.php\/wp-json\/wp\/v2\/pages\/135","targetHints":{"allow":["GET"]}}],"collection":[{"href":"https:\/\/jovenesinvestigadores.org\/index.php\/wp-json\/wp\/v2\/pages"}],"about":[{"href":"https:\/\/jovenesinvestigadores.org\/index.php\/wp-json\/wp\/v2\/types\/page"}],"author":[{"embeddable":true,"href":"https:\/\/jovenesinvestigadores.org\/index.php\/wp-json\/wp\/v2\/users\/1"}],"replies":[{"embeddable":true,"href":"https:\/\/jovenesinvestigadores.org\/index.php\/wp-json\/wp\/v2\/comments?post=135"}],"version-history":[{"count":2,"href":"https:\/\/jovenesinvestigadores.org\/index.php\/wp-json\/wp\/v2\/pages\/135\/revisions"}],"predecessor-version":[{"id":190,"href":"https:\/\/jovenesinvestigadores.org\/index.php\/wp-json\/wp\/v2\/pages\/135\/revisions\/190"}],"wp:featuredmedia":[{"embeddable":true,"href":"https:\/\/jovenesinvestigadores.org\/index.php\/wp-json\/wp\/v2\/media\/151"}],"wp:attachment":[{"href":"https:\/\/jovenesinvestigadores.org\/index.php\/wp-json\/wp\/v2\/media?parent=135"}],"curies":[{"name":"wp","href":"https:\/\/api.w.org\/{rel}","templated":true}]}}