{"id":105,"date":"2022-11-25T21:28:28","date_gmt":"2022-11-25T21:28:28","guid":{"rendered":"https:\/\/jovenesinvestigadores.org\/listing-form\/"},"modified":"2023-01-16T20:07:08","modified_gmt":"2023-01-16T20:07:08","slug":"listing-form","status":"publish","type":"page","link":"https:\/\/jovenesinvestigadores.org\/index.php\/listing-form\/","title":{"rendered":"Ingreso de informaci\u00f3n al directorio de investigadores e instituciones"},"content":{"rendered":"\n<p>Estimada comunidad, los invitamos a ingresar informaci\u00f3n correspondiente a su persona o instituci\u00f3n representada. Estamos seguros de que esta informaci\u00f3n ser\u00e1 de mucha utilidad para fomentar la colaboraci\u00f3n entre investigadores y personas con ideales afines.<\/p>\n\n\n\n<p>Importante: al ser un servicio abierto, toda la informaci\u00f3n presentada es responsabilidad directa de los usuarios.<\/p>\n\n\n<div class=\"acadp acadp-login-form\"><form name=\"loginform\" id=\"loginform\" action=\"https:\/\/jovenesinvestigadores.org\/wp-login.php\" method=\"post\"><p class=\"login-username\">\n\t\t\t\t<label for=\"user_login\">Nombre de usuario o correo electr\u00f3nico<\/label>\n\t\t\t\t<input type=\"text\" name=\"log\" id=\"user_login\" autocomplete=\"username\" class=\"input\" value=\"\" size=\"20\" \/>\n\t\t\t<\/p><p class=\"login-password\">\n\t\t\t\t<label for=\"user_pass\">Contrase\u00f1a<\/label>\n\t\t\t\t<input type=\"password\" name=\"pwd\" id=\"user_pass\" autocomplete=\"current-password\" spellcheck=\"false\" class=\"input\" value=\"\" size=\"20\" \/>\n\t\t\t<\/p><p class=\"login-remember\"><label><input name=\"rememberme\" type=\"checkbox\" id=\"rememberme\" value=\"forever\" \/> Recu\u00e9rdame<\/label><\/p><p class=\"login-submit\">\n\t\t\t\t<input type=\"submit\" name=\"wp-submit\" id=\"wp-submit\" class=\"button button-primary\" value=\"Acceder\" \/>\n\t\t\t\t<input type=\"hidden\" name=\"redirect_to\" value=\"https:\/\/jovenesinvestigadores.org\/index.php\/wp-json\/wp\/v2\/pages\/105\" \/>\n\t\t\t<\/p><\/form><p><a href=\"https:\/\/jovenesinvestigadores.org\/wp-login.php?action=lostpassword&redirect_to=https%3A%2F%2Fjovenesinvestigadores.org%2Fwp-json%2Fwp%2Fv2%2Fpages%2F105\">Forgot your password?<\/a><\/p><p><a href=\"https:\/\/jovenesinvestigadores.org\/wp-login.php?action=register\">Create an account<\/a><\/p><\/div>","protected":false},"excerpt":{"rendered":"<p>Estimada comunidad, los invitamos a ingresar informaci\u00f3n correspondiente a su persona o instituci\u00f3n representada. Estamos&#8230;<\/p>\n","protected":false},"author":1,"featured_media":151,"parent":0,"menu_order":0,"comment_status":"closed","ping_status":"closed","template":"","meta":{"rop_custom_images_group":[],"rop_custom_messages_group":[],"rop_publish_now":"initial","rop_publish_now_accounts":{"facebook_9001523176567281_422463201840075":""},"rop_publish_now_history":[],"rop_publish_now_status":"pending","footnotes":""},"class_list":["post-105","page","type-page","status-publish","has-post-thumbnail","hentry"],"jetpack_sharing_enabled":true,"_links":{"self":[{"href":"https:\/\/jovenesinvestigadores.org\/index.php\/wp-json\/wp\/v2\/pages\/105","targetHints":{"allow":["GET"]}}],"collection":[{"href":"https:\/\/jovenesinvestigadores.org\/index.php\/wp-json\/wp\/v2\/pages"}],"about":[{"href":"https:\/\/jovenesinvestigadores.org\/index.php\/wp-json\/wp\/v2\/types\/page"}],"author":[{"embeddable":true,"href":"https:\/\/jovenesinvestigadores.org\/index.php\/wp-json\/wp\/v2\/users\/1"}],"replies":[{"embeddable":true,"href":"https:\/\/jovenesinvestigadores.org\/index.php\/wp-json\/wp\/v2\/comments?post=105"}],"version-history":[{"count":1,"href":"https:\/\/jovenesinvestigadores.org\/index.php\/wp-json\/wp\/v2\/pages\/105\/revisions"}],"predecessor-version":[{"id":186,"href":"https:\/\/jovenesinvestigadores.org\/index.php\/wp-json\/wp\/v2\/pages\/105\/revisions\/186"}],"wp:featuredmedia":[{"embeddable":true,"href":"https:\/\/jovenesinvestigadores.org\/index.php\/wp-json\/wp\/v2\/media\/151"}],"wp:attachment":[{"href":"https:\/\/jovenesinvestigadores.org\/index.php\/wp-json\/wp\/v2\/media?parent=105"}],"curies":[{"name":"wp","href":"https:\/\/api.w.org\/{rel}","templated":true}]}}